{"id":119,"date":"2023-08-07T09:06:04","date_gmt":"2023-08-07T07:06:04","guid":{"rendered":"https:\/\/lamviet.tattoo\/?page_id=119"},"modified":"2025-01-05T20:02:22","modified_gmt":"2025-01-05T13:02:22","slug":"realistic-tattoo","status":"publish","type":"page","link":"https:\/\/lamviet.tattoo\/vi\/realistic-tattoo\/","title":{"rendered":"Tattoo Realistic"},"content":{"rendered":"<div class=\"wp-block-columns alignwide is-layout-flex wp-container-core-columns-is-layout-b14f35cf wp-block-columns-is-layout-flex\" style=\"padding-top:var(--wp--preset--spacing--60);padding-bottom:var(--wp--preset--spacing--60)\">\n<div class=\"wp-block-column is-layout-flow wp-block-column-is-layout-flow\" style=\"padding-right:var(--wp--preset--spacing--40);padding-left:var(--wp--preset--spacing--40);flex-basis:33.33%\">\n<h2 class=\"wp-block-heading has-foreground-color has-text-color has-link-color has-xl-font-size wp-elements-f0afe3340c141ca15701de5ce7f47054\" style=\"line-height:1.2\">Realistic Tattoo <\/h2>\n\n\n\n<p class=\"has-foreground-color has-text-color has-link-color has-small-font-size wp-elements-0cfedf22945f8c2da6936c4b7ecf66b4 wp-block-paragraph\">Realistic tattoo is a way to bring a beloved portrait to life or capture the essence of nature with intricate realism. Our realistic tattoos are second to none, capturing even the smallest details with incredible precision. Our artists have a deep understanding of the human form, allowing them to create realistic tattoos that leave a lasting impression.<\/p>\n\n\n\n<div class=\"wp-block-columns is-layout-flex wp-container-core-columns-is-layout-045b24b2 wp-block-columns-is-layout-flex\">\n<div class=\"wp-block-column is-layout-flow wp-block-column-is-layout-flow\">\n<div class=\"wp-block-buttons is-layout-flex wp-block-buttons-is-layout-flex\">\n<div class=\"wp-block-button has-custom-font-size has-small-font-size\"><a class=\"wp-block-button__link has-foreground-background-color has-background wp-element-button\" href=\"https:\/\/lamviet.tattoo\/vi\/tattoo-styles\/\">Back<\/a><\/div>\n<\/div>\n<\/div>\n\n\n\n<div class=\"wp-block-column is-layout-flow wp-block-column-is-layout-flow\"><\/div>\n<\/div>\n<\/div>\n\n\n\n<div class=\"wp-block-column is-layout-flow wp-block-column-is-layout-flow\" style=\"flex-basis:66.66%\">\n<figure class=\"wp-block-gallery has-nested-images columns-default is-cropped wp-block-gallery-1 is-layout-flex wp-block-gallery-is-layout-flex\">\n<figure class=\"wp-block-image size-large\"><img data-recalc-dims=\"1\" fetchpriority=\"high\" decoding=\"async\" width=\"1138\" height=\"1517\" data-attachment-id=\"1079\" data-permalink=\"https:\/\/lamviet.tattoo\/vi\/a837966a8472562c0f63-4\/\" data-orig-file=\"https:\/\/i0.wp.com\/lamviet.tattoo\/wp-content\/uploads\/2023\/10\/a837966a8472562c0f63-edited.jpg?fit=1138%2C1517&amp;ssl=1\" data-orig-size=\"1138,1517\" data-comments-opened=\"1\" data-image-meta=\"{&quot;aperture&quot;:&quot;0&quot;,&quot;credit&quot;:&quot;&quot;,&quot;camera&quot;:&quot;&quot;,&quot;caption&quot;:&quot;&quot;,&quot;created_timestamp&quot;:&quot;0&quot;,&quot;copyright&quot;:&quot;&quot;,&quot;focal_length&quot;:&quot;0&quot;,&quot;iso&quot;:&quot;0&quot;,&quot;shutter_speed&quot;:&quot;0&quot;,&quot;title&quot;:&quot;&quot;,&quot;orientation&quot;:&quot;1&quot;}\" data-image-title=\"a837966a8472562c0f63\" data-image-description=\"\" data-image-caption=\"\" data-large-file=\"https:\/\/i0.wp.com\/lamviet.tattoo\/wp-content\/uploads\/2023\/10\/a837966a8472562c0f63-edited.jpg?fit=768%2C1024&amp;ssl=1\" data-id=\"1079\" src=\"https:\/\/i0.wp.com\/lamviet.tattoo\/wp-content\/uploads\/2023\/10\/a837966a8472562c0f63-edited.jpg?resize=1138%2C1517&#038;ssl=1\" alt=\"realist tattoo\" class=\"wp-image-1079\" srcset=\"https:\/\/i0.wp.com\/lamviet.tattoo\/wp-content\/uploads\/2023\/10\/a837966a8472562c0f63-edited.jpg?w=1138&amp;ssl=1 1138w, https:\/\/i0.wp.com\/lamviet.tattoo\/wp-content\/uploads\/2023\/10\/a837966a8472562c0f63-edited.jpg?resize=225%2C300&amp;ssl=1 225w, https:\/\/i0.wp.com\/lamviet.tattoo\/wp-content\/uploads\/2023\/10\/a837966a8472562c0f63-edited.jpg?resize=768%2C1024&amp;ssl=1 768w, https:\/\/i0.wp.com\/lamviet.tattoo\/wp-content\/uploads\/2023\/10\/a837966a8472562c0f63-edited.jpg?resize=900%2C1200&amp;ssl=1 900w, https:\/\/i0.wp.com\/lamviet.tattoo\/wp-content\/uploads\/2023\/10\/a837966a8472562c0f63-edited.jpg?resize=600%2C800&amp;ssl=1 600w, https:\/\/i0.wp.com\/lamviet.tattoo\/wp-content\/uploads\/2023\/10\/a837966a8472562c0f63-edited.jpg?resize=450%2C600&amp;ssl=1 450w, https:\/\/i0.wp.com\/lamviet.tattoo\/wp-content\/uploads\/2023\/10\/a837966a8472562c0f63-edited.jpg?resize=300%2C400&amp;ssl=1 300w, https:\/\/i0.wp.com\/lamviet.tattoo\/wp-content\/uploads\/2023\/10\/a837966a8472562c0f63-edited.jpg?resize=150%2C200&amp;ssl=1 150w\" sizes=\"(max-width: 1000px) 100vw, 1000px\" \/><\/figure>\n\n\n\n<figure class=\"wp-block-image size-large\"><img data-recalc-dims=\"1\" decoding=\"async\" width=\"880\" height=\"1564\" data-attachment-id=\"1082\" data-permalink=\"https:\/\/lamviet.tattoo\/vi\/28f73c7d5c658e3bd774-5\/\" data-orig-file=\"https:\/\/i0.wp.com\/lamviet.tattoo\/wp-content\/uploads\/2023\/10\/28f73c7d5c658e3bd774-edited-1.jpg?fit=880%2C1564&amp;ssl=1\" data-orig-size=\"880,1564\" data-comments-opened=\"1\" data-image-meta=\"{&quot;aperture&quot;:&quot;0&quot;,&quot;credit&quot;:&quot;&quot;,&quot;camera&quot;:&quot;&quot;,&quot;caption&quot;:&quot;&quot;,&quot;created_timestamp&quot;:&quot;0&quot;,&quot;copyright&quot;:&quot;&quot;,&quot;focal_length&quot;:&quot;0&quot;,&quot;iso&quot;:&quot;0&quot;,&quot;shutter_speed&quot;:&quot;0&quot;,&quot;title&quot;:&quot;&quot;,&quot;orientation&quot;:&quot;1&quot;}\" data-image-title=\"28f73c7d5c658e3bd774\" data-image-description=\"\" data-image-caption=\"\" data-large-file=\"https:\/\/i0.wp.com\/lamviet.tattoo\/wp-content\/uploads\/2023\/10\/28f73c7d5c658e3bd774-edited-1.jpg?fit=576%2C1024&amp;ssl=1\" data-id=\"1082\" src=\"https:\/\/i0.wp.com\/lamviet.tattoo\/wp-content\/uploads\/2023\/10\/28f73c7d5c658e3bd774-edited-1.jpg?resize=880%2C1564&#038;ssl=1\" alt=\"h\u00ecnh x\u0103m t\u1ea3 th\u1ef1c \" class=\"wp-image-1082\" srcset=\"https:\/\/i0.wp.com\/lamviet.tattoo\/wp-content\/uploads\/2023\/10\/28f73c7d5c658e3bd774-edited-1.jpg?w=880&amp;ssl=1 880w, https:\/\/i0.wp.com\/lamviet.tattoo\/wp-content\/uploads\/2023\/10\/28f73c7d5c658e3bd774-edited-1.jpg?resize=169%2C300&amp;ssl=1 169w, https:\/\/i0.wp.com\/lamviet.tattoo\/wp-content\/uploads\/2023\/10\/28f73c7d5c658e3bd774-edited-1.jpg?resize=576%2C1024&amp;ssl=1 576w, https:\/\/i0.wp.com\/lamviet.tattoo\/wp-content\/uploads\/2023\/10\/28f73c7d5c658e3bd774-edited-1.jpg?resize=768%2C1365&amp;ssl=1 768w, https:\/\/i0.wp.com\/lamviet.tattoo\/wp-content\/uploads\/2023\/10\/28f73c7d5c658e3bd774-edited-1.jpg?resize=864%2C1536&amp;ssl=1 864w\" sizes=\"(max-width: 880px) 100vw, 880px\" \/><\/figure>\n\n\n\n<figure class=\"wp-block-image size-large\"><img data-recalc-dims=\"1\" decoding=\"async\" width=\"1333\" height=\"2000\" data-attachment-id=\"1084\" data-permalink=\"https:\/\/lamviet.tattoo\/vi\/47e8290049189b46c209-3\/\" data-orig-file=\"https:\/\/i0.wp.com\/lamviet.tattoo\/wp-content\/uploads\/2023\/10\/47e8290049189b46c209-edited-1.jpg?fit=1333%2C2000&amp;ssl=1\" data-orig-size=\"1333,2000\" data-comments-opened=\"1\" data-image-meta=\"{&quot;aperture&quot;:&quot;0&quot;,&quot;credit&quot;:&quot;&quot;,&quot;camera&quot;:&quot;&quot;,&quot;caption&quot;:&quot;&quot;,&quot;created_timestamp&quot;:&quot;0&quot;,&quot;copyright&quot;:&quot;&quot;,&quot;focal_length&quot;:&quot;0&quot;,&quot;iso&quot;:&quot;0&quot;,&quot;shutter_speed&quot;:&quot;0&quot;,&quot;title&quot;:&quot;&quot;,&quot;orientation&quot;:&quot;1&quot;}\" data-image-title=\"47e8290049189b46c209\" data-image-description=\"\" data-image-caption=\"\" data-large-file=\"https:\/\/i0.wp.com\/lamviet.tattoo\/wp-content\/uploads\/2023\/10\/47e8290049189b46c209-edited-1.jpg?fit=682%2C1024&amp;ssl=1\" data-id=\"1084\" src=\"https:\/\/i0.wp.com\/lamviet.tattoo\/wp-content\/uploads\/2023\/10\/47e8290049189b46c209-edited-1.jpg?resize=1333%2C2000&#038;ssl=1\" alt=\"h\u00ecnh x\u0103m t\u1ea3 th\u1ef1c \" class=\"wp-image-1084\" srcset=\"https:\/\/i0.wp.com\/lamviet.tattoo\/wp-content\/uploads\/2023\/10\/47e8290049189b46c209-edited-1.jpg?w=1333&amp;ssl=1 1333w, https:\/\/i0.wp.com\/lamviet.tattoo\/wp-content\/uploads\/2023\/10\/47e8290049189b46c209-edited-1.jpg?resize=200%2C300&amp;ssl=1 200w, https:\/\/i0.wp.com\/lamviet.tattoo\/wp-content\/uploads\/2023\/10\/47e8290049189b46c209-edited-1.jpg?resize=682%2C1024&amp;ssl=1 682w, https:\/\/i0.wp.com\/lamviet.tattoo\/wp-content\/uploads\/2023\/10\/47e8290049189b46c209-edited-1.jpg?resize=768%2C1152&amp;ssl=1 768w, https:\/\/i0.wp.com\/lamviet.tattoo\/wp-content\/uploads\/2023\/10\/47e8290049189b46c209-edited-1.jpg?resize=1024%2C1536&amp;ssl=1 1024w, https:\/\/i0.wp.com\/lamviet.tattoo\/wp-content\/uploads\/2023\/10\/47e8290049189b46c209-edited-1.jpg?resize=1200%2C1800&amp;ssl=1 1200w\" sizes=\"(max-width: 1000px) 100vw, 1000px\" \/><\/figure>\n\n\n\n<figure class=\"wp-block-image size-large\"><img data-recalc-dims=\"1\" loading=\"lazy\" decoding=\"async\" width=\"1365\" height=\"2048\" data-attachment-id=\"1085\" data-permalink=\"https:\/\/lamviet.tattoo\/vi\/c1c22725473d9563cc2c-2\/\" data-orig-file=\"https:\/\/i0.wp.com\/lamviet.tattoo\/wp-content\/uploads\/2023\/10\/c1c22725473d9563cc2c-edited.jpg?fit=1365%2C2048&amp;ssl=1\" data-orig-size=\"1365,2048\" data-comments-opened=\"1\" data-image-meta=\"{&quot;aperture&quot;:&quot;0&quot;,&quot;credit&quot;:&quot;&quot;,&quot;camera&quot;:&quot;&quot;,&quot;caption&quot;:&quot;&quot;,&quot;created_timestamp&quot;:&quot;0&quot;,&quot;copyright&quot;:&quot;&quot;,&quot;focal_length&quot;:&quot;0&quot;,&quot;iso&quot;:&quot;0&quot;,&quot;shutter_speed&quot;:&quot;0&quot;,&quot;title&quot;:&quot;&quot;,&quot;orientation&quot;:&quot;1&quot;}\" data-image-title=\"c1c22725473d9563cc2c\" data-image-description=\"\" data-image-caption=\"\" data-large-file=\"https:\/\/i0.wp.com\/lamviet.tattoo\/wp-content\/uploads\/2023\/10\/c1c22725473d9563cc2c-edited.jpg?fit=683%2C1024&amp;ssl=1\" data-id=\"1085\" src=\"https:\/\/i0.wp.com\/lamviet.tattoo\/wp-content\/uploads\/2023\/10\/c1c22725473d9563cc2c-edited.jpg?resize=1365%2C2048&#038;ssl=1\" alt=\"realistic tattoo\" class=\"wp-image-1085\" srcset=\"https:\/\/i0.wp.com\/lamviet.tattoo\/wp-content\/uploads\/2023\/10\/c1c22725473d9563cc2c-edited.jpg?w=1365&amp;ssl=1 1365w, https:\/\/i0.wp.com\/lamviet.tattoo\/wp-content\/uploads\/2023\/10\/c1c22725473d9563cc2c-edited.jpg?resize=200%2C300&amp;ssl=1 200w, https:\/\/i0.wp.com\/lamviet.tattoo\/wp-content\/uploads\/2023\/10\/c1c22725473d9563cc2c-edited.jpg?resize=683%2C1024&amp;ssl=1 683w, https:\/\/i0.wp.com\/lamviet.tattoo\/wp-content\/uploads\/2023\/10\/c1c22725473d9563cc2c-edited.jpg?resize=768%2C1152&amp;ssl=1 768w, https:\/\/i0.wp.com\/lamviet.tattoo\/wp-content\/uploads\/2023\/10\/c1c22725473d9563cc2c-edited.jpg?resize=1024%2C1536&amp;ssl=1 1024w, https:\/\/i0.wp.com\/lamviet.tattoo\/wp-content\/uploads\/2023\/10\/c1c22725473d9563cc2c-edited.jpg?resize=1200%2C1800&amp;ssl=1 1200w\" sizes=\"(max-width: 1000px) 100vw, 1000px\" \/><\/figure>\n\n\n\n<figure class=\"wp-block-image size-large\"><img data-recalc-dims=\"1\" loading=\"lazy\" decoding=\"async\" width=\"1365\" height=\"2048\" data-attachment-id=\"1086\" data-permalink=\"https:\/\/lamviet.tattoo\/vi\/81fde9fa89e25bbc02f3-2\/\" data-orig-file=\"https:\/\/i0.wp.com\/lamviet.tattoo\/wp-content\/uploads\/2023\/10\/81fde9fa89e25bbc02f3-edited.jpg?fit=1365%2C2048&amp;ssl=1\" data-orig-size=\"1365,2048\" data-comments-opened=\"1\" data-image-meta=\"{&quot;aperture&quot;:&quot;0&quot;,&quot;credit&quot;:&quot;&quot;,&quot;camera&quot;:&quot;&quot;,&quot;caption&quot;:&quot;&quot;,&quot;created_timestamp&quot;:&quot;0&quot;,&quot;copyright&quot;:&quot;&quot;,&quot;focal_length&quot;:&quot;0&quot;,&quot;iso&quot;:&quot;0&quot;,&quot;shutter_speed&quot;:&quot;0&quot;,&quot;title&quot;:&quot;&quot;,&quot;orientation&quot;:&quot;1&quot;}\" data-image-title=\"81fde9fa89e25bbc02f3\" data-image-description=\"\" data-image-caption=\"\" data-large-file=\"https:\/\/i0.wp.com\/lamviet.tattoo\/wp-content\/uploads\/2023\/10\/81fde9fa89e25bbc02f3-edited.jpg?fit=683%2C1024&amp;ssl=1\" data-id=\"1086\" src=\"https:\/\/i0.wp.com\/lamviet.tattoo\/wp-content\/uploads\/2023\/10\/81fde9fa89e25bbc02f3-edited.jpg?resize=1365%2C2048&#038;ssl=1\" alt=\"h\u00ecnh x\u0103m t\u1ea3 th\u1ef1c \" class=\"wp-image-1086\" srcset=\"https:\/\/i0.wp.com\/lamviet.tattoo\/wp-content\/uploads\/2023\/10\/81fde9fa89e25bbc02f3-edited.jpg?w=1365&amp;ssl=1 1365w, https:\/\/i0.wp.com\/lamviet.tattoo\/wp-content\/uploads\/2023\/10\/81fde9fa89e25bbc02f3-edited.jpg?resize=200%2C300&amp;ssl=1 200w, https:\/\/i0.wp.com\/lamviet.tattoo\/wp-content\/uploads\/2023\/10\/81fde9fa89e25bbc02f3-edited.jpg?resize=683%2C1024&amp;ssl=1 683w, https:\/\/i0.wp.com\/lamviet.tattoo\/wp-content\/uploads\/2023\/10\/81fde9fa89e25bbc02f3-edited.jpg?resize=768%2C1152&amp;ssl=1 768w, https:\/\/i0.wp.com\/lamviet.tattoo\/wp-content\/uploads\/2023\/10\/81fde9fa89e25bbc02f3-edited.jpg?resize=1024%2C1536&amp;ssl=1 1024w, https:\/\/i0.wp.com\/lamviet.tattoo\/wp-content\/uploads\/2023\/10\/81fde9fa89e25bbc02f3-edited.jpg?resize=1200%2C1800&amp;ssl=1 1200w\" sizes=\"(max-width: 1000px) 100vw, 1000px\" \/><\/figure>\n<\/figure>\n<\/div>\n<\/div>","protected":false},"excerpt":{"rendered":"<p>H\u00ecnh x\u0103m t\u1ea3 th\u1ef1c l\u00e0 phong c\u00e1ch ph\u1ed5 bi\u1ebfn v\u00e0 \u0111\u01b0\u1ee3c y\u00eau th\u00edch t\u1ea1i ch\u00e2u \u00e2u v\u00e0 ch\u00e2u m\u1ef9. Kh\u00e1m ph\u00e1 c\u00f9ng L\u00e2m Vi\u1ec7t Tattoo <\/p>","protected":false},"author":149567739,"featured_media":1079,"parent":0,"menu_order":0,"comment_status":"closed","ping_status":"closed","template":"","meta":{"_crdt_document":"","footnotes":""},"class_list":["post-119","page","type-page","status-publish","has-post-thumbnail","hentry"],"yoast_head":"<!-- This site is optimized with the Yoast SEO plugin v27.4 - https:\/\/yoast.com\/product\/yoast-seo-wordpress\/ -->\n<title>Tattoo Realistic - Tattoo Shop - L\u00e2m Vi\u1ec7t<\/title>\n<meta name=\"description\" content=\"Realistic tattoo is a way to bring a beloved portrait to life or capture the essence of nature with intricate realism.\" \/>\n<meta name=\"robots\" content=\"index, follow, max-snippet:-1, max-image-preview:large, max-video-preview:-1\" \/>\n<link rel=\"canonical\" href=\"https:\/\/lamviet.tattoo\/vi\/realistic-tattoo\/\" \/>\n<meta property=\"og:locale\" content=\"vi_VN\" \/>\n<meta property=\"og:type\" content=\"article\" \/>\n<meta property=\"og:title\" content=\"Tattoo Realistic - Tattoo Shop - L\u00e2m Vi\u1ec7t\" \/>\n<meta property=\"og:description\" content=\"Realistic tattoo is a way to bring a beloved portrait to life or capture the essence of nature with intricate realism.\" \/>\n<meta property=\"og:url\" content=\"https:\/\/lamviet.tattoo\/vi\/realistic-tattoo\/\" \/>\n<meta property=\"og:site_name\" content=\"Tattoo Shop - L\u00e2m Vi\u1ec7t\" \/>\n<meta property=\"article:publisher\" content=\"https:\/\/www.facebook.com\/lamviet.tattoo\" \/>\n<meta property=\"article:modified_time\" content=\"2025-01-05T13:02:22+00:00\" \/>\n<meta property=\"og:image\" content=\"https:\/\/lamviet.tattoo\/wp-content\/uploads\/2023\/10\/a837966a8472562c0f63-edited.jpg\" \/>\n\t<meta property=\"og:image:width\" content=\"1138\" \/>\n\t<meta property=\"og:image:height\" content=\"1517\" \/>\n\t<meta property=\"og:image:type\" content=\"image\/jpeg\" \/>\n<meta name=\"twitter:card\" content=\"summary_large_image\" \/>\n<meta name=\"twitter:label1\" content=\"\u01af\u1edbc t\u00ednh th\u1eddi gian \u0111\u1ecdc\" \/>\n\t<meta name=\"twitter:data1\" content=\"2 ph\u00fat\" \/>\n<!-- \/ Yoast SEO plugin. -->","yoast_head_json":{"title":"Tattoo Realistic - Tattoo Shop - L\u00e2m Vi\u1ec7t","description":"Realistic tattoo is a way to bring a beloved portrait to life or capture the essence of nature with intricate realism.","robots":{"index":"index","follow":"follow","max-snippet":"max-snippet:-1","max-image-preview":"max-image-preview:large","max-video-preview":"max-video-preview:-1"},"canonical":"https:\/\/lamviet.tattoo\/vi\/realistic-tattoo\/","og_locale":"vi_VN","og_type":"article","og_title":"Tattoo Realistic - Tattoo Shop - L\u00e2m Vi\u1ec7t","og_description":"Realistic tattoo is a way to bring a beloved portrait to life or capture the essence of nature with intricate realism.","og_url":"https:\/\/lamviet.tattoo\/vi\/realistic-tattoo\/","og_site_name":"Tattoo Shop - L\u00e2m Vi\u1ec7t","article_publisher":"https:\/\/www.facebook.com\/lamviet.tattoo","article_modified_time":"2025-01-05T13:02:22+00:00","og_image":[{"width":1138,"height":1517,"url":"https:\/\/lamviet.tattoo\/wp-content\/uploads\/2023\/10\/a837966a8472562c0f63-edited.jpg","type":"image\/jpeg"}],"twitter_card":"summary_large_image","twitter_misc":{"\u01af\u1edbc t\u00ednh th\u1eddi gian \u0111\u1ecdc":"2 ph\u00fat"},"schema":{"@context":"https:\/\/schema.org","@graph":[{"@type":"WebPage","@id":"https:\/\/lamviet.tattoo\/realistic-tattoo\/","url":"https:\/\/lamviet.tattoo\/realistic-tattoo\/","name":"Tattoo Realistic - Tattoo Shop - L\u00e2m Vi\u1ec7t","isPartOf":{"@id":"https:\/\/lamviet.tattoo\/#website"},"primaryImageOfPage":{"@id":"https:\/\/lamviet.tattoo\/realistic-tattoo\/#primaryimage"},"image":{"@id":"https:\/\/lamviet.tattoo\/realistic-tattoo\/#primaryimage"},"thumbnailUrl":"https:\/\/i0.wp.com\/lamviet.tattoo\/wp-content\/uploads\/2023\/10\/a837966a8472562c0f63-edited.jpg?fit=1138%2C1517&ssl=1","datePublished":"2023-08-07T07:06:04+00:00","dateModified":"2025-01-05T13:02:22+00:00","description":"Realistic tattoo is a way to bring a beloved portrait to life or capture the essence of nature with intricate realism.","breadcrumb":{"@id":"https:\/\/lamviet.tattoo\/realistic-tattoo\/#breadcrumb"},"inLanguage":"vi","potentialAction":[{"@type":"ReadAction","target":["https:\/\/lamviet.tattoo\/realistic-tattoo\/"]}]},{"@type":"ImageObject","inLanguage":"vi","@id":"https:\/\/lamviet.tattoo\/realistic-tattoo\/#primaryimage","url":"https:\/\/i0.wp.com\/lamviet.tattoo\/wp-content\/uploads\/2023\/10\/a837966a8472562c0f63-edited.jpg?fit=1138%2C1517&ssl=1","contentUrl":"https:\/\/i0.wp.com\/lamviet.tattoo\/wp-content\/uploads\/2023\/10\/a837966a8472562c0f63-edited.jpg?fit=1138%2C1517&ssl=1","width":1138,"height":1517},{"@type":"BreadcrumbList","@id":"https:\/\/lamviet.tattoo\/realistic-tattoo\/#breadcrumb","itemListElement":[{"@type":"ListItem","position":1,"name":"Trang ch\u1ee7","item":"https:\/\/lamviet.tattoo\/"},{"@type":"ListItem","position":2,"name":"Tattoo Realistic"}]},{"@type":"WebSite","@id":"https:\/\/lamviet.tattoo\/#website","url":"https:\/\/lamviet.tattoo\/","name":"Lam Viet Tattoo Shop","description":"Best Tattoo Shop For Tourist","publisher":{"@id":"https:\/\/lamviet.tattoo\/#organization"},"potentialAction":[{"@type":"SearchAction","target":{"@type":"EntryPoint","urlTemplate":"https:\/\/lamviet.tattoo\/?s={search_term_string}"},"query-input":{"@type":"PropertyValueSpecification","valueRequired":true,"valueName":"search_term_string"}}],"inLanguage":"vi"},{"@type":"Organization","@id":"https:\/\/lamviet.tattoo\/#organization","name":"C\u1eeda h\u00e0ng x\u0103m h\u00ecnh - Lam Viet Tattoo","url":"https:\/\/lamviet.tattoo\/","logo":{"@type":"ImageObject","inLanguage":"vi","@id":"https:\/\/lamviet.tattoo\/#\/schema\/logo\/image\/","url":"https:\/\/i0.wp.com\/lamviet.tattoo\/wp-content\/uploads\/2023\/09\/371838247_6782397345140205_6749775009150752373_n.jpg?fit=905%2C1280&ssl=1","contentUrl":"https:\/\/i0.wp.com\/lamviet.tattoo\/wp-content\/uploads\/2023\/09\/371838247_6782397345140205_6749775009150752373_n.jpg?fit=905%2C1280&ssl=1","width":905,"height":1280,"caption":"C\u1eeda h\u00e0ng x\u0103m h\u00ecnh - Lam Viet Tattoo"},"image":{"@id":"https:\/\/lamviet.tattoo\/#\/schema\/logo\/image\/"},"sameAs":["https:\/\/www.facebook.com\/lamviet.tattoo"]}]}},"jetpack_likes_enabled":true,"jetpack_sharing_enabled":true,"jetpack_shortlink":"https:\/\/wp.me\/Pf0GRz-1V","jetpack-related-posts":[],"_links":{"self":[{"href":"https:\/\/lamviet.tattoo\/vi\/wp-json\/wp\/v2\/pages\/119","targetHints":{"allow":["GET"]}}],"collection":[{"href":"https:\/\/lamviet.tattoo\/vi\/wp-json\/wp\/v2\/pages"}],"about":[{"href":"https:\/\/lamviet.tattoo\/vi\/wp-json\/wp\/v2\/types\/page"}],"author":[{"embeddable":true,"href":"https:\/\/lamviet.tattoo\/vi\/wp-json\/wp\/v2\/users\/149567739"}],"replies":[{"embeddable":true,"href":"https:\/\/lamviet.tattoo\/vi\/wp-json\/wp\/v2\/comments?post=119"}],"version-history":[{"count":15,"href":"https:\/\/lamviet.tattoo\/vi\/wp-json\/wp\/v2\/pages\/119\/revisions"}],"predecessor-version":[{"id":3421,"href":"https:\/\/lamviet.tattoo\/vi\/wp-json\/wp\/v2\/pages\/119\/revisions\/3421"}],"wp:featuredmedia":[{"embeddable":true,"href":"https:\/\/lamviet.tattoo\/vi\/wp-json\/wp\/v2\/media\/1079"}],"wp:attachment":[{"href":"https:\/\/lamviet.tattoo\/vi\/wp-json\/wp\/v2\/media?parent=119"}],"curies":[{"name":"wp","href":"https:\/\/api.w.org\/{rel}","templated":true}]}}